{"id":839,"date":"2015-03-19T05:21:55","date_gmt":"2015-03-19T05:21:55","guid":{"rendered":"http:\/\/nncacademy.com\/?page_id=839"},"modified":"2018-09-26T19:11:33","modified_gmt":"2018-09-26T19:11:33","slug":"%d9%85%d9%83%d8%a7%d8%aa%d8%a8-%d8%a7%d9%84%d8%aa%d9%86%d8%b3%d9%8a%d9%82","status":"publish","type":"page","link":"https:\/\/nncacademy.com\/?page_id=839","title":{"rendered":"\u0645\u0643\u0627\u062a\u0628 NNC"},"content":{"rendered":"<div style=\"padding-bottom:20px; padding-top:10px;\" class=\"hupso-share-buttons\"><!-- Hupso Share Buttons - https:\/\/www.hupso.com\/share\/ --><a class=\"hupso_toolbar\" href=\"https:\/\/www.hupso.com\/share\/\"><img decoding=\"async\" src=\"https:\/\/static.hupso.com\/share\/buttons\/share-medium.png\" style=\"border:0px; padding-top: 5px; float:right;\" alt=\"Share Button\"\/><\/a><script type=\"text\/javascript\">var hupso_services_t=new Array(\"Twitter\",\"Facebook\",\"Google Plus\",\"Pinterest\",\"Linkedin\",\"Email\",\"Print\");var hupso_background_t=\"#EAF4FF\";var hupso_border_t=\"#66CCFF\";var hupso_toolbar_size_t=\"medium\";var hupso_image_folder_url = \"\";var hupso_url_t=\"\";var hupso_title_t=\"%D9%85%D9%83%D8%A7%D8%AA%D8%A8%20NNC\";<\/script><script type=\"text\/javascript\" src=\"https:\/\/static.hupso.com\/share\/js\/share_toolbar.js\"><\/script><!-- Hupso Share Buttons --><\/div><p style=\"text-align: center;\"><a href=\"http:\/\/nncacademy.com\/wp-content\/uploads\/2017\/11\/Higher-Institute-for-Scientific-Technological-Research.png\"><img fetchpriority=\"high\" decoding=\"async\" class=\"aligncenter size-full wp-image-2993\" src=\"http:\/\/nncacademy.com\/wp-content\/uploads\/2017\/11\/Higher-Institute-for-Scientific-Technological-Research.png\" alt=\"\" width=\"842\" height=\"294\" srcset=\"https:\/\/nncacademy.com\/wp-content\/uploads\/2017\/11\/Higher-Institute-for-Scientific-Technological-Research.png 842w, https:\/\/nncacademy.com\/wp-content\/uploads\/2017\/11\/Higher-Institute-for-Scientific-Technological-Research-300x105.png 300w, https:\/\/nncacademy.com\/wp-content\/uploads\/2017\/11\/Higher-Institute-for-Scientific-Technological-Research-768x268.png 768w\" sizes=\"(max-width: 842px) 100vw, 842px\" \/><\/a><\/p>\n<p style=\"text-align: center;\">\u0628\u062f\u0627\u064a\u0629 \u0627\u0644\u0627\u0646\u0637\u0644\u0627\u0642 \u0643\u0627\u0646\u062a \u0645\u0646 \u0643\u0627\u0644\u064a\u0641\u0648\u0631\u0646\u064a\u0627 \u062d\u064a\u062b \u062a\u0645 \u062a\u0631\u062e\u064a\u0635 NNC Academy\u00a0\u0628\u0627\u0633\u0645<\/p>\n<div id=\"ecxyui_3_16_0_1_1427124989681_2589\" dir=\"ltr\" style=\"text-align: center;\">N&amp;N Consulting, Inc.<\/div>\n<p style=\"text-align: center;\">\u0641\u064a \u0648\u0644\u0627\u064a\u0629 \u0643\u0627\u0644\u064a\u0641\u0648\u0631\u0646\u064a\u0627 \u0628\u0645\u0648\u062c\u0628 \u0627\u0644\u0642\u0648\u0627\u0646\u064a\u0646 \u0627\u0644\u0631\u0633\u0645\u064a\u0629\u00a0\u0641\u064a \u0627\u0644\u0648\u0644\u0627\u064a\u0627\u062a \u0627\u0644\u0645\u062a\u062d\u062f\u0629 \u0627\u0644\u0627\u0645\u064a\u0631\u0643\u064a\u0629<\/p>\n<div class=\"ContentRight WithRightRail FullView\" data-link=\"class{:~tag.contentRightClass(Layout.IsFullView, Layout.ReadingPaneMode)}\">\n<div class=\"ContentRightInner t_mbgc t_qtc t_urtc\">\n<div id=\"inboxControl0fv-ReadMessageContainer\" class=\"v-ReadMessageContainer slideOnResize\" tabindex=\"-1\">\n<div class=\"c-ReadMessage\" data-link=\"class{readMessageClass: ~tag.Show}\">\n<div id=\"ReadMessageScrollableSection\" class=\"rmMessages ClearBoth\" tabindex=\"-1\">\n<div id=\"readMessagePartControl1312f\" class=\"c-ReadMessagePart ReadMsgContainer HasLayout ClearBoth HideShadows FullPart NoHistory Read RmIc\" data-link=\"class{:~tag.getHeaderCssClass(IsConversationPart, IsRead, IsDraft, IsTrustedSender, Items.length)}\">\n<div class=\"c-ReadMessagePartBody\" data-link=\"class{getClass:IsBodyExpanded}\">\n<div class=\"readMsgBody\">\n<div id=\"bodyreadMessagePartBodyControl1317f\" class=\"ExternalClass MsgBodyContainer\" data-link=\"class{:~tag.cssClasses(PlainText, IsContentFiltered)}\">\n<div>\n<div id=\"ecxyui_3_16_0_1_1427124989681_2589\" dir=\"ltr\" style=\"text-align: center;\">\u0644\u062a\u0642\u062f\u064a\u0645 \u062e\u062f\u0645\u0627\u062a\u0647\u0627 \u0641\u064a \u0645\u062c\u0627\u0644 \u0627\u0644\u062a\u062f\u0631\u064a\u0628 \u0627\u0644\u0645\u0647\u0646\u064a \u0648\u0627\u0644\u0641\u0646\u064a \u0648\u0627\u0644\u0625\u062f\u0627\u0631\u064a \u0648\u0627\u0644\u0625\u0633\u062a\u0634\u0627\u0631\u0627\u062a \u0627\u0644\u0625\u062f\u0627\u0631\u064a\u0629\u060c \u0648 \u0643\u0644 \u0645\u0627 \u062a\u0642\u062f\u0645\u0647 \u0645\u0646 \u062e\u062f\u0645\u0627\u062a \u0645\u062a\u0627\u062d \u0628\u0627\u0644\u0644\u063a\u062a\u064a\u0646 \u0627\u0644\u0625\u0646\u062c\u0644\u064a\u0632\u064a\u0629 \u0648\u0627\u0644\u0639\u0631\u0628\u064a\u0629\u060c \u0648\u0647\u064a \u0645\u0648\u062c\u0647\u0629 \u0644\u0644\u0633\u0648\u0642 \u0627\u0644\u0639\u0627\u0644\u0645\u064a\u00a0 \u0641\u064a \u0643\u0644 \u0628\u0642\u0627\u0639 \u0627\u0644\u0623\u0631\u0636<\/div>\n<\/div>\n<\/div>\n<\/div>\n<\/div>\n<\/div>\n<\/div>\n<\/div>\n<\/div>\n<\/div>\n<\/div>\n<p style=\"text-align: center;\">\u0648\u0645\u0646 \u062b\u0645 \u0625\u0646\u062a\u0642\u0644 \u0646\u0634\u0627\u0637 \u0627\u0644\u0623\u0643\u0627\u062f\u064a\u0645\u064a\u0629 \u0644\u064a\u0643\u0648\u0646 \u0641\u064a \u0627\u0633\u062a\u0646\u0628\u0648\u0644\u00a0 \u0645\u0646\u0630 \u0639\u0627\u0645 2012 \u0643\u0623\u062d\u062f \u0623\u0646\u0634\u0637\u0629 Mart Group<\/p>\n<p><img decoding=\"async\" src=\"http:\/\/nncacademy.com\/wp-content\/uploads\/2015\/03\/mart-group-logo-1024x233.jpg\" alt=\"mart group logo\" \/><\/p>\n<p style=\"text-align: center;\">\u0643\u0645\u0639\u0647\u062f \u0645\u062a\u062e\u0635\u0635 \u0628\u0627\u0644\u0628\u062d\u0648\u062b \u0648\u0627\u0644\u062a\u062f\u0631\u064a\u0628<br \/>\n<a href=\"http:\/\/nncacademy.com\/\">\u0627\u0644\u0645\u0639\u0647\u062f \u0627\u0644\u0639\u0631\u0628\u064a \u0644\u0628\u062d\u0648\u062b \u0627\u0644\u0639\u0644\u0648\u0645 \u0648\u0627\u0644\u062a\u0643\u0646\u0648\u0644\u0648\u062c\u064a\u0627<\/a><\/p>\n<p style=\"text-align: center;\"><a href=\"http:\/\/nncacademy.com\/\"> Higher Institute of Science and Technology Research<\/a><\/p>\n<p style=\"text-align: center;\">\u0648\u0628\u0627\u062a \u0623\u0643\u062b\u0631 \u062a\u0631\u0643\u064a\u0632\u0627\u064b \u0639\u0644\u0649 \u0645\u0646\u0637\u0642\u0629 \u0627\u0644\u0634\u0631\u0642 \u0627\u0644\u0648\u0633\u0637 \u0648 \u062f\u0648\u0644 \u0622\u0633\u064a\u0627 \u0627\u0644\u0635\u063a\u0631\u0649.<br \/>\n\u0648\u0644\u062a\u0633\u0647\u064a\u0644 \u062a\u0642\u062f\u064a\u0645 \u062e\u062f\u0645\u0627\u062a\u0647\u0627 \u0641\u0642\u062f \u0627\u0639\u062a\u0645\u062f\u062a \u0645\u0643\u0627\u062a\u0628 \u062a\u0646\u0633\u064a\u0642 \u0644\u0647\u0627 \u0645\u0639 \u0645\u0624\u0633\u0633\u0627\u062a \u0648\u0645\u0631\u0627\u0643\u0632 \u0641\u064a \u0628\u0639\u0636 \u0627\u0644\u062f\u0648\u0644.<\/p>\n<p style=\"text-align: center;\">\u0644\u062f\u0649\u00a0<a href=\"http:\/\/nncacademy.com\/\">\u0627\u0644\u0645\u0639\u0647\u062f \u0627\u0644\u0639\u0631\u0628\u064a \u0644\u0628\u062d\u0648\u062b \u0627\u0644\u0639\u0644\u0648\u0645 \u0648\u0627\u0644\u062a\u0643\u0646\u0648\u0644\u0648\u062c\u064a\u0627<\/a>\u00a0\/\u00a0<a href=\"http:\/\/nncacademy.com\/\">NNC Academy<\/a>\u00a0\u0645\u0643\u0627\u062a\u0628 \u062a\u0646\u0633\u064a\u0642 \u0641\u064a \u0628\u0639\u0636 \u0627\u0644\u062f\u0648\u0644:<\/p>\n<p style=\"text-align: center;\"><strong>\u0627\u0644\u0645\u0643\u062a\u0628 \u0627\u0644\u0631\u0626\u064a\u0633\u064a<\/strong><\/p>\n<p style=\"text-align: center;\">\u00a0. Toyak i\u015f Merkez\u0131 No: 11233 \u015e\u0131r\u0131nevler Mh \/Istanbul- Turkey<\/p>\n<p style=\"text-align: center;\">\u0645\u0648\u0628\u0627\u064a\u0644 : 00905522032821( \u0648\u0627\u062a\u0633 &#8211; \u0641\u0627\u064a\u0628\u0631) \/\u00a0<span class=\"text_exposed_show\">\u0627\u0644\u0647\u0627\u062a\u0641:\u00a0 00902125031335<br \/>\n<\/span><\/p>\n<p>&nbsp;<\/p>\n<p style=\"text-align: center;\"><strong>\u0645\u0643\u062a\u0628 \u0643\u0627\u0644\u064a\u0641\u0648\u0631\u0646\u064a\u0627<br \/>\nN&amp;N Consulting, Inc<br \/>\n<\/strong><\/p>\n<div class=\"ContentRight WithRightRail FullView\" data-link=\"class{:~tag.contentRightClass(Layout.IsFullView, Layout.ReadingPaneMode)}\">\n<div class=\"ContentRightInner t_mbgc t_qtc t_urtc\">\n<div id=\"inboxControl0fv-ReadMessageContainer\" class=\"v-ReadMessageContainer slideOnResize\" tabindex=\"-1\">\n<div class=\"c-ReadMessage\" data-link=\"class{readMessageClass: ~tag.Show}\">\n<div id=\"ReadMessageScrollableSection\" class=\"rmMessages ClearBoth\" tabindex=\"-1\">\n<div id=\"readMessagePartControl1312f\" class=\"c-ReadMessagePart ReadMsgContainer HasLayout ClearBoth HideShadows FullPart NoHistory Read RmIc\" data-link=\"class{:~tag.getHeaderCssClass(IsConversationPart, IsRead, IsDraft, IsTrustedSender, Items.length)}\">\n<div class=\"c-ReadMessagePartBody\" data-link=\"class{getClass:IsBodyExpanded}\">\n<div class=\"readMsgBody\">\n<div id=\"bodyreadMessagePartBodyControl1317f\" class=\"ExternalClass MsgBodyContainer\" data-link=\"class{:~tag.cssClasses(PlainText, IsContentFiltered)}\">\n<div id=\"ecxyui_3_16_0_1_1427124989681_2589\" dir=\"ltr\" style=\"text-align: center;\">1621 Meadow Glen Rd.<\/div>\n<div id=\"ecxyui_3_16_0_1_1427124989681_2591\" dir=\"ltr\" style=\"text-align: center;\">Diamond Bar, CA 91765<br \/>\nEmail:\u00a0<a href=\"mailto:heba.a@nncacademy.com\" target=\"_blank\" rel=\"noopener noreferrer\">info@nncacademy.com<\/a><\/div>\n<div dir=\"ltr\" style=\"text-align: center;\"><\/div>\n<\/div>\n<\/div>\n<\/div>\n<\/div>\n<\/div>\n<\/div>\n<\/div>\n<\/div>\n<\/div>\n<p style=\"text-align: center;\"><strong>\u0645\u0643\u062a\u0628\u00a0\u0627\u0644\u0639\u0631\u0627\u0642<\/strong><\/p>\n<p style=\"text-align: center;\" align=\"right\"><strong>Sunaa Alebdaa<\/strong><\/p>\n<p style=\"text-align: center;\" align=\"right\"><a href=\"mailto:info@nncacademy.com\" target=\"_blank\" rel=\"noopener noreferrer\">info@nncacademy.com<\/a><\/p>\n<p style=\"text-align: center;\" align=\"right\">\u0627\u0644\u0639\u0646\u0648\u0627\u0646 : \u0628\u063a\u062f\u0627\u062f &#8211; \u0643\u0631\u0627\u062f\u0629 \u062e\u0627\u0631\u062c &#8211; \u0633\u0627\u062d\u0629 \u0627\u0644\u0645\u0633\u0631\u062d \u0627\u0644\u0648\u0637\u0646\u064a &#8211; \u0639\u0645\u0627\u0631\u0629 \u0645\u0643\u064a\u0629 \u06371<\/p>\n<p style=\"text-align: center;\" align=\"right\">\u0627\u0631\u0628\u064a\u0644 : \u0634\u0627\u0631\u0639 60 \u0642\u0631\u0628 \u062c\u0627\u0645\u0639 \u062c\u0644\u064a\u0644 \u0627\u0644\u062e\u064a\u0627\u0637 &#8211; \u062e\u0644\u0641 \u0627\u062b\u0627\u062b \u0627\u062e\u0644\u0627\u0635<\/p>\n<p style=\"text-align: center;\"><strong>\u0645\u0643\u062a\u0628 \u0628\u0631\u064a\u0637\u0627\u0646\u064a\u0627<\/strong><\/p>\n<p style=\"text-align: center;\"><strong>CERTEGLOBAL<br \/>\n<\/strong><\/p>\n<p style=\"text-align: center;\">93 The Pastures, Coulby Newham, Middlesbrough, TS8 0UL, United Kingdom<a href=\"https:\/\/www.google.com\/maps\/@54.3607602,-1.0358071,212541m\/data=!3m1!1e3?hl=en-US\" target=\"_blank\" rel=\"noopener noreferrer\"><br \/>\n<\/a><\/p>\n<p style=\"text-align: center;\"><a href=\"mailto:info@nncacademy.com\" target=\"_blank\" rel=\"noopener noreferrer\">info@nncacademy.com<\/a><\/p>\n<p style=\"text-align: center;\"><strong>\u0645\u0643\u0627\u062a\u0628\u00a0\u0623\u062e\u0631\u0649<\/strong><\/p>\n<p style=\"text-align: center;\">\u0646\u0631\u062d\u0628 \u0628\u062a\u0631\u0634\u064a\u062d\u0627\u062a \u0645\u0643\u0627\u062a\u0628 \u0627\u062e\u0631\u0649 \u0641\u064a \u0645\u062e\u062a\u0644\u0641 \u0627\u0644\u062f\u0648\u0644 \u0644\u062a\u0643\u0648\u0646 \u0643\u0645\u0643\u0627\u062a\u0628 \u062a\u0646\u0633\u064a\u0642 \u0645\u0639\u062a\u0645\u062f\u0629 \u0644\u062e\u062f\u0645\u0627\u062a\u00a0<a href=\"http:\/\/nncacademy.com\/\">\u0627\u0644\u0645\u0639\u0647\u062f \u0627\u0644\u0639\u0631\u0628\u064a \u0644\u0628\u062d\u0648\u062b \u0627\u0644\u0639\u0644\u0648\u0645 \u0648\u0627\u0644\u062a\u0643\u0646\u0648\u0644\u0648\u062c\u064a\u0627<\/a>\u00a0 \u0648 \u064a\u0645\u0643\u0646 \u0644\u0644\u062c\u0647\u0629 \u0627\u0644\u062a\u064a \u062a\u0631\u063a\u0628 \u0628\u0627\u0639\u062a\u0645\u0627\u062f\u0647\u0627 \u0643\u0645\u0643\u062a\u0628 \u062a\u0646\u0633\u064a\u0642<a title=\"\u062a\u0648\u0627\u0635\u0644 \u0645\u0639 NNC\" href=\"http:\/\/nncacademy.com\/?page_id=836\" target=\"_blank\" rel=\"noopener noreferrer\">\u0627\u0644\u062a\u0648\u0627\u0635\u0644 \u0645\u0639\u0646\u0627 \u0641\u0636\u0644\u0627 \u0627\u0636\u063a\u0637 \u0647\u0646\u0627<\/a><\/p>\n<p dir=\"RTL\" style=\"text-align: center;\">===<\/p>\n<p dir=\"RTL\" style=\"text-align: center;\">\u0648\u0625\u064a\u0645\u0627\u0646\u0627\u064b \u0645\u0646\u0627 \u0628\u0623\u0647\u0645\u064a\u0629 \u0627\u0644\u062a\u0637\u0648\u064a\u0631 \u0627\u0644\u0645\u0633\u062a\u0645\u0631 \u0648\u0627\u0644\u062a\u0641\u0627\u0639\u0644 \u0627\u0644\u0628\u0646\u0627\u0621 \u0645\u0639\u0643\u0645\u060c \u0641\u0625\u0646\u0647 \u064a\u0633\u0639\u062f\u0646\u0627 \u062a\u0644\u0642\u064a \u0627\u0633\u062a\u0641\u0633\u0627\u0631\u0627\u062a\u0643\u0645 \u0648\u0645\u0642\u062a\u0631\u062d\u0627\u062a\u0643\u0645 \u0628\u062e\u0635\u0648\u0635 \u0623\u064a \u0645\u0646 \u062f\u0648\u0631\u0627\u062a\u0646\u0627 \u0627\u0644\u062a\u062f\u0631\u064a\u0628\u064a\u0629 \u0627\u0648 \u0628\u0631\u0627\u0645\u062c\u0646\u0627 \u0627\u0644\u062a\u062e\u0635\u0635\u064a\u0629 \u0627\u0644\u0645\u0639\u062a\u0645\u062f\u0629 \u0648\u0630\u0644\u0643 \u0645\u0646 \u062e\u0644\u0627\u0644 \u062a\u0648\u0627\u0635\u0644\u0643\u0645 \u0645\u0639\u0646\u0627 \u0639\u0628\u0631 \u0623\u0636\u0627\u0641\u0629 \u062a\u0639\u0644\u064a\u0642 \u0639\u0644\u0649 \u0623\u064a \u0635\u0641\u062d\u0629 \u0645\u0646 \u0635\u0641\u062d\u0627\u062a\u0646\u0627 \u0627\u0644\u0645\u0628\u064a\u0646\u0629 \u0627\u062f\u0646\u0627\u0647:\u00a0<a title=\"\u0627\u0644\u0635\u0641\u062d\u0629 \u0627\u0644\u0631\u0626\u064a\u0633\u064a\u0629\" href=\"http:\/\/nncacademy.com\" target=\"_blank\" rel=\"noopener noreferrer\">http:\/\/www.nncacademy.com<\/a>\u00a0\u00a0\u0623\u0648 \u062a\u0648\u0627\u0635\u0644\u0648\u0627 \u0645\u0639\u0646\u0627 \u0639\u0628\u0631 \u0623\u062d\u062f \u0627\u0644\u0627\u064a\u0645\u064a\u0644\u064a\u0646 \u0623\u062f\u0646\u0627\u0647\u00a0<a title=\"NNC Academy Email\" href=\"http:\/\/nncacademy.com\/info@nncacademy.com\" target=\"_blank\" rel=\"noopener noreferrer\">info@nncacademy.com<\/a>\u00a0 \/\u00a0<a title=\"another nnc academy email\" href=\"http:\/\/nncacademy.com\/nncacademy@gmail.com\" target=\"_blank\" rel=\"noopener noreferrer\">nncacademy@gmail.com<\/a>\u00a0\u0623\u0648 \u062a\u0627\u0628\u0639\u0648\u0646\u0627 \u0639\u0644\u0649\u00a0<a title=\"NNc Academy facebook\" href=\"https:\/\/www.facebook.com\/profile.php?id=100009285492127\" target=\"_blank\" rel=\"noopener noreferrer\">Facebook<\/a>\u00a0\u00a0<a title=\"\u0635\u0641\u062d\u062a\u0646\u0627 \u0639\u0644\u0649 \u062a\u0648\u064a\u062a\u0631\" href=\"https:\/\/twitter.com\/NNCacademy\" target=\"_blank\" rel=\"noopener noreferrer\">Tw\u0131tter<\/a>\u00a0\u00a0<a title=\"\u0635\u0641\u062d\u062a\u0646\u0627 \u0639\u0644\u0649 \u062c\u0648\u062c\u0644 \u0628\u0644\u0633\" href=\"https:\/\/plus.google.com\/u\/0\/100670116095109360447\/posts\" target=\"_blank\" rel=\"noopener noreferrer\">Google+<\/a><\/p>\n<p style=\"text-align: center;\">===<br \/>\n<a title=\"\u0627\u0644\u0631\u0626\u064a\u0633\u064a\u0629\" href=\"http:\/\/nncacademy.com\/\" target=\"_blank\" rel=\"noopener noreferrer\">\u0627\u0644\u0631\u0626\u064a\u0633\u064a\u0629\u00a0<\/a><a title=\"nnc?\" href=\"http:\/\/nncacademy.com\/?page_id=6\" target=\"_blank\" rel=\"noopener noreferrer\">NNC?<\/a>\u00a0<a title=\"\u0642\u064a\u0645 NNC\" href=\"http:\/\/nncacademy.com\/?page_id=20\" target=\"_blank\" rel=\"noopener noreferrer\">\u0642\u064a\u0645 NNC<\/a>\u00a0<a title=\"\u0631\u0624\u064a\u0629 NNC\" href=\"http:\/\/nncacademy.com\/?page_id=61\" target=\"_blank\" rel=\"noopener noreferrer\">\u0631\u0624\u064a\u0629 NNC<\/a>\u00a0<a title=\"\u0645\u0646\u0647\u062c \u0639\u0645\u0644 NNC\" href=\"http:\/\/nncacademy.com\/?page_id=11\" target=\"_blank\" rel=\"noopener noreferrer\">\u0645\u0646\u0647\u062c \u0639\u0645\u0644 NNC<\/a>\u00a0<a title=\"\u0645\u0632\u0627\u064a\u0627 \u0627\u0644\u062a\u062f\u0631\u064a\u0628 \u0645\u0639 NNC\" href=\"http:\/\/nncacademy.com\/?page_id=151\" target=\"_blank\" rel=\"noopener noreferrer\">\u0645\u0632\u064a\u0627 \u0627\u0644\u062a\u062f\u0631\u064a\u0628 \u0645\u0639 NNC<\/a>\u00a0<a title=\"\u062f\u0639\u0645 \u0627\u0644\u0645\u0631\u0623\u0629 \u0627\u0644\u0639\u0631\u0628\u064a\u0629\" href=\"http:\/\/nncacademy.com\/?page_id=149\" target=\"_blank\" rel=\"noopener noreferrer\">\u062f\u0639\u0645 \u0627\u0644\u0645\u0631\u0623\u0629 \u0627\u0644\u0639\u0631\u0628\u064a\u0629<\/a>\u00a0<a title=\"\u062d\u0642\u0648\u0642 \u0627\u0644\u0645\u0644\u0643\u064a\u0629 \u0627\u0644\u0641\u0643\u0631\u064a\u0629\" href=\"http:\/\/nncacademy.com\/?page_id=167\">\u062d\u0642\u0648\u0642 \u0627\u0644\u0645\u0644\u0643\u064a\u0629 \u0627\u0644\u0641\u0643\u0631\u064a\u0629<\/a>\u00a0<a title=\"Q &amp; A\" href=\"http:\/\/nncacademy.com\/?page_id=387\">\u0634\u0631\u0643\u0627\u0621 Q&amp;A \u00a0NNC<\/a>\u00a0 <a title=\"\u062e\u062f\u0645\u0627\u062a NNC\" href=\"http:\/\/nncacademy.com\/?page_id=8\">\u062e\u062f\u0645\u0627\u062a NNC<\/a>\u00a0<a title=\"\u0628\u0631\u0627\u0645\u062c \u0627\u0644\u062f\u0639\u0645 \u0648\u0627\u0644\u0645\u0633\u0627\u0646\u062f\u0629\" href=\"http:\/\/nncacademy.com\/?page_id=17\" target=\"_blank\" rel=\"noopener noreferrer\">\u0628\u0631\u0627\u0645\u062c \u0627\u0644\u062f\u0639\u0645<\/a>\u00a0<a title=\"\u0627\u0644\u0628\u0631\u0627\u0645\u062c \u0627\u0644\u062a\u062f\u0631\u064a\u0628\u064a\u0629\" href=\"http:\/\/nncacademy.com\/?page_id=55\" target=\"_blank\" rel=\"noopener noreferrer\">\u0628\u0631\u0627\u0645\u062c NNC \u0627\u0644\u062a\u062f\u0631\u064a\u0628\u064a\u0629<\/a>\u00a0<a title=\"\u0627\u0644\u062f\u0628\u0644\u0648\u0645\u0627\u062a \u0627\u0644\u0645\u062a\u0642\u062f\u0645\u0629 \u0648\u0627\u0644\u0645\u0644\u062a\u0642\u064a\u0627\u062a\" href=\"http:\/\/nncacademy.com\/?page_id=465\" target=\"_blank\" rel=\"noopener noreferrer\">\u0627\u0644\u062f\u0628\u0644\u0648\u0645\u0627\u062a \u0627\u0644\u0645\u062a\u0642\u062f\u0645\u0629 \u0648\u0627\u0644\u0645\u0644\u062a\u0642\u064a\u0627\u062a<\/a>\u00a0<a title=\"\u0627\u0644\u0628\u0631\u0627\u0645\u062c \u0627\u0644\u062a\u062f\u0631\u064a\u0628\u064a\u0629 \u0627\u0644\u0639\u0627\u0645\u0629\" href=\"http:\/\/nncacademy.com\/?page_id=445\" target=\"_blank\" rel=\"noopener noreferrer\">\u0627\u0644\u0628\u0631\u0627\u0645\u062c \u0627\u0644\u062a\u062f\u0631\u064a\u0628\u064a\u0629 \u0627\u0644\u0639\u0627\u0645\u0629<\/a><\/p>\n<p style=\"text-align: center;\">\u00a0<a href=\"http:\/\/nncacademy.com\/\">\u0627\u0644\u0645\u0639\u0647\u062f \u0627\u0644\u0639\u0631\u0628\u064a \u0644\u0628\u062d\u0648\u062b \u0627\u0644\u0639\u0644\u0648\u0645 \u0648\u0627\u0644\u062a\u0643\u0646\u0648\u0644\u0648\u062c\u064a\u0627<\/a>\u00a0\u0644\u0644\u062a\u062f\u0631\u064a\u0628 \u0648 \u0627\u0644\u062a\u0637\u0648\u064a\u0631 \u0641\u064a \u0627\u0633\u0637\u0646\u0628\u0648\u0644\u060c\u00a0\u0645\u0631\u0643\u0632 \u062a\u062f\u0631\u064a\u0628 \u0641\u064a \u0625\u0633\u0637\u0646\u0628\u0648\u0644\u060c\u00a0<a href=\"http:\/\/nncacademy.com\/\"><b>\u062f\u0648\u0631\u0627\u062a \u062a\u062f\u0631\u064a\u0628\u064a\u0629 <\/b><b>2018<\/b><\/a><\/p>\n<p class=\"r\" style=\"text-align: center;\"><a href=\"http:\/\/nncacademy.com\/\">\u062f\u0648\u0631\u0627\u062a \u062a\u062f\u0631\u064a\u0628\u064a\u0629 \u060c \u0646\u062f\u0648\u0627\u062a \u060c \u0648\u0648\u0631\u0634 \u0639\u0645\u0644 \u060c \u0648\u0645\u0624\u062a\u0645\u0631\u0627\u062a | NNC<\/a><\/p>\n<p style=\"text-align: center;\">\u00a0<a href=\"http:\/\/nncacademy.com\/\">Higher Institute of Science and Technology Research<\/a>\u00a0Training Center Istanbul<\/p>\n<div style=\"padding-bottom:20px; padding-top:10px;\" class=\"hupso-share-buttons\"><!-- Hupso Share Buttons - https:\/\/www.hupso.com\/share\/ --><a class=\"hupso_toolbar\" href=\"https:\/\/www.hupso.com\/share\/\"><img decoding=\"async\" src=\"https:\/\/static.hupso.com\/share\/buttons\/share-medium.png\" style=\"border:0px; padding-top: 5px; float:right;\" alt=\"Share Button\"\/><\/a><script type=\"text\/javascript\">var hupso_services_t=new Array(\"Twitter\",\"Facebook\",\"Google Plus\",\"Pinterest\",\"Linkedin\",\"Email\",\"Print\");var hupso_background_t=\"#EAF4FF\";var hupso_border_t=\"#66CCFF\";var hupso_toolbar_size_t=\"medium\";var hupso_image_folder_url = \"\";var hupso_url_t=\"\";var hupso_title_t=\"%D9%85%D9%83%D8%A7%D8%AA%D8%A8%20NNC\";<\/script><script type=\"text\/javascript\" src=\"https:\/\/static.hupso.com\/share\/js\/share_toolbar.js\"><\/script><!-- Hupso Share Buttons --><\/div>","protected":false},"excerpt":{"rendered":"<div style=\"padding-bottom:20px; padding-top:10px;\" class=\"hupso-share-buttons\"><!-- Hupso Share Buttons - https:\/\/www.hupso.com\/share\/ --><a class=\"hupso_toolbar\" href=\"https:\/\/www.hupso.com\/share\/\"><img src=\"https:\/\/static.hupso.com\/share\/buttons\/share-medium.png\" style=\"border:0px; padding-top: 5px; float:right;\" alt=\"Share Button\"\/><\/a><script type=\"text\/javascript\">var hupso_services_t=new Array(\"Twitter\",\"Facebook\",\"Google Plus\",\"Pinterest\",\"Linkedin\",\"Email\",\"Print\");var hupso_background_t=\"#EAF4FF\";var hupso_border_t=\"#66CCFF\";var hupso_toolbar_size_t=\"medium\";var hupso_image_folder_url = \"\";var hupso_url_t=\"\";var hupso_title_t=\"%D9%85%D9%83%D8%A7%D8%AA%D8%A8%20NNC\";<\/script><script type=\"text\/javascript\" src=\"https:\/\/static.hupso.com\/share\/js\/share_toolbar.js\"><\/script><!-- Hupso Share Buttons --><\/div><p>\u0628\u062f\u0627\u064a\u0629 \u0627\u0644\u0627\u0646\u0637\u0644\u0627\u0642 \u0643\u0627\u0646\u062a \u0645\u0646 \u0643\u0627\u0644\u064a\u0641\u0648\u0631\u0646\u064a\u0627 \u062d\u064a\u062b \u062a\u0645 \u062a\u0631\u062e\u064a\u0635 NNC Academy\u00a0\u0628\u0627\u0633\u0645 N&amp;N Consulting, Inc. \u0641\u064a \u0648\u0644\u0627\u064a\u0629 \u0643\u0627\u0644\u064a\u0641\u0648\u0631\u0646\u064a\u0627 \u0628\u0645\u0648\u062c\u0628 \u0627\u0644\u0642\u0648\u0627\u0646\u064a\u0646 \u0627\u0644\u0631\u0633\u0645\u064a\u0629\u00a0\u0641\u064a \u0627\u0644\u0648\u0644\u0627\u064a\u0627\u062a \u0627\u0644\u0645\u062a\u062d\u062f\u0629 \u0627\u0644\u0627\u0645\u064a\u0631\u0643\u064a\u0629 \u0644\u062a\u0642\u062f\u064a\u0645 \u062e\u062f\u0645\u0627\u062a\u0647\u0627 \u0641\u064a \u0645\u062c\u0627\u0644 \u0627\u0644\u062a\u062f\u0631\u064a\u0628 \u0627\u0644\u0645\u0647\u0646\u064a \u0648\u0627\u0644\u0641\u0646\u064a \u0648\u0627\u0644\u0625\u062f\u0627\u0631\u064a \u0648\u0627\u0644\u0625\u0633\u062a\u0634\u0627\u0631\u0627\u062a \u0627\u0644\u0625\u062f\u0627\u0631\u064a\u0629\u060c \u0648 \u0643\u0644 \u0645\u0627 \u062a\u0642\u062f\u0645\u0647 \u0645\u0646 \u062e\u062f\u0645\u0627\u062a \u0645\u062a\u0627\u062d \u0628\u0627\u0644\u0644\u063a\u062a\u064a\u0646 \u0627\u0644\u0625\u0646\u062c\u0644\u064a\u0632\u064a\u0629 \u0648\u0627\u0644\u0639\u0631\u0628\u064a\u0629\u060c \u0648\u0647\u064a \u0645\u0648\u062c\u0647\u0629 \u0644\u0644\u0633\u0648\u0642 \u0627\u0644\u0639\u0627\u0644\u0645\u064a\u00a0 \u0641\u064a \u0643\u0644 \u0628\u0642\u0627\u0639 \u0627\u0644\u0623\u0631\u0636 \u0648\u0645\u0646 \u062b\u0645 \u0625\u0646\u062a\u0642\u0644 \u0646\u0634\u0627\u0637 \u0627\u0644\u0623\u0643\u0627\u062f\u064a\u0645\u064a\u0629 &hellip; <\/p>\n<p><a class=\"more-link btn\" href=\"https:\/\/nncacademy.com\/?page_id=839\">\u0627\u0642\u0631\u0623 \u0627\u0644\u0645\u0632\u064a\u062f<\/a><\/p>\n<div style=\"padding-bottom:20px; padding-top:10px;\" class=\"hupso-share-buttons\"><!-- Hupso Share Buttons - https:\/\/www.hupso.com\/share\/ --><a class=\"hupso_toolbar\" href=\"https:\/\/www.hupso.com\/share\/\"><img src=\"https:\/\/static.hupso.com\/share\/buttons\/share-medium.png\" style=\"border:0px; padding-top: 5px; float:right;\" alt=\"Share Button\"\/><\/a><script type=\"text\/javascript\">var hupso_services_t=new Array(\"Twitter\",\"Facebook\",\"Google Plus\",\"Pinterest\",\"Linkedin\",\"Email\",\"Print\");var hupso_background_t=\"#EAF4FF\";var hupso_border_t=\"#66CCFF\";var hupso_toolbar_size_t=\"medium\";var hupso_image_folder_url = \"\";var hupso_url_t=\"\";var hupso_title_t=\"%D9%85%D9%83%D8%A7%D8%AA%D8%A8%20NNC\";<\/script><script type=\"text\/javascript\" src=\"https:\/\/static.hupso.com\/share\/js\/share_toolbar.js\"><\/script><!-- Hupso Share Buttons --><\/div>","protected":false},"author":1,"featured_media":938,"parent":0,"menu_order":0,"comment_status":"open","ping_status":"closed","template":"","meta":{"footnotes":""},"class_list":["post-839","page","type-page","status-publish","has-post-thumbnail","hentry","nodate","item-wrap"],"_links":{"self":[{"href":"https:\/\/nncacademy.com\/index.php?rest_route=\/wp\/v2\/pages\/839","targetHints":{"allow":["GET"]}}],"collection":[{"href":"https:\/\/nncacademy.com\/index.php?rest_route=\/wp\/v2\/pages"}],"about":[{"href":"https:\/\/nncacademy.com\/index.php?rest_route=\/wp\/v2\/types\/page"}],"author":[{"embeddable":true,"href":"https:\/\/nncacademy.com\/index.php?rest_route=\/wp\/v2\/users\/1"}],"replies":[{"embeddable":true,"href":"https:\/\/nncacademy.com\/index.php?rest_route=%2Fwp%2Fv2%2Fcomments&post=839"}],"version-history":[{"count":45,"href":"https:\/\/nncacademy.com\/index.php?rest_route=\/wp\/v2\/pages\/839\/revisions"}],"predecessor-version":[{"id":3167,"href":"https:\/\/nncacademy.com\/index.php?rest_route=\/wp\/v2\/pages\/839\/revisions\/3167"}],"wp:featuredmedia":[{"embeddable":true,"href":"https:\/\/nncacademy.com\/index.php?rest_route=\/wp\/v2\/media\/938"}],"wp:attachment":[{"href":"https:\/\/nncacademy.com\/index.php?rest_route=%2Fwp%2Fv2%2Fmedia&parent=839"}],"curies":[{"name":"wp","href":"https:\/\/api.w.org\/{rel}","templated":true}]}}