{"id":3103,"date":"2018-06-24T10:37:19","date_gmt":"2018-06-24T10:37:19","guid":{"rendered":"http:\/\/nncacademy.com\/?page_id=3103"},"modified":"2018-06-24T10:44:19","modified_gmt":"2018-06-24T10:44:19","slug":"taep-atep","status":"publish","type":"page","link":"https:\/\/nncacademy.com\/?page_id=3103","title":{"rendered":"\u062a\u0639\u0644\u0645 \u0627\u0644\u0644\u063a\u0629 \u0627\u0644\u062a\u0631\u0643\u064a\u0629 Taep &#038; Atep"},"content":{"rendered":"<div style=\"padding-bottom:20px; padding-top:10px;\" class=\"hupso-share-buttons\"><!-- Hupso Share Buttons - https:\/\/www.hupso.com\/share\/ --><a class=\"hupso_toolbar\" href=\"https:\/\/www.hupso.com\/share\/\"><img decoding=\"async\" src=\"https:\/\/static.hupso.com\/share\/buttons\/share-medium.png\" style=\"border:0px; padding-top: 5px; float:right;\" alt=\"Share Button\"\/><\/a><script type=\"text\/javascript\">var hupso_services_t=new Array(\"Twitter\",\"Facebook\",\"Google Plus\",\"Pinterest\",\"Linkedin\",\"Email\",\"Print\");var hupso_background_t=\"#EAF4FF\";var hupso_border_t=\"#66CCFF\";var hupso_toolbar_size_t=\"medium\";var hupso_image_folder_url = \"\";var hupso_url_t=\"\";var hupso_title_t=\"%D8%AA%D8%B9%D9%84%D9%85%20%D8%A7%D9%84%D9%84%D8%BA%D8%A9%20%D8%A7%D9%84%D8%AA%D8%B1%D9%83%D9%8A%D8%A9%20Taep%20%26%20Atep\";<\/script><script type=\"text\/javascript\" src=\"https:\/\/static.hupso.com\/share\/js\/share_toolbar.js\"><\/script><!-- Hupso Share Buttons --><\/div><div id=\"attachment_3104\" style=\"width: 1024px\" class=\"wp-caption aligncenter\"><a href=\"http:\/\/nncacademy.com\/wp-content\/uploads\/2018\/06\/Araplara-T\u00fcrk\u00e7e-egitim-programi.jpg\"><img fetchpriority=\"high\" decoding=\"async\" aria-describedby=\"caption-attachment-3104\" class=\"size-large wp-image-3104\" src=\"http:\/\/nncacademy.com\/wp-content\/uploads\/2018\/06\/Araplara-T\u00fcrk\u00e7e-egitim-programi-1024x557.jpg\" alt=\"\" width=\"1024\" height=\"557\" srcset=\"https:\/\/nncacademy.com\/wp-content\/uploads\/2018\/06\/Araplara-T\u00fcrk\u00e7e-egitim-programi-1024x557.jpg 1024w, https:\/\/nncacademy.com\/wp-content\/uploads\/2018\/06\/Araplara-T\u00fcrk\u00e7e-egitim-programi-300x163.jpg 300w, https:\/\/nncacademy.com\/wp-content\/uploads\/2018\/06\/Araplara-T\u00fcrk\u00e7e-egitim-programi-768x418.jpg 768w, https:\/\/nncacademy.com\/wp-content\/uploads\/2018\/06\/Araplara-T\u00fcrk\u00e7e-egitim-programi.jpg 1098w\" sizes=\"(max-width: 1024px) 100vw, 1024px\" \/><\/a><p id=\"caption-attachment-3104\" class=\"wp-caption-text\">\u0628\u0631\u0646\u0627\u0645\u062c \u062a\u0639\u0644\u064a\u0645 \u0627\u0644\u0644\u063a\u0629\u0627\u0644\u062a\u0631\u0643\u064a\u0629 \u0644\u0644\u0639\u0631\u0628<br \/>Araplara T\u00fcrk\u00e7e e\u011fitim program\u0131<\/p><\/div>\n<p>\u0627\u0633\u062a\u0646\u0628\u0648\u0644 &#8211; 2014<\/p>\n<p>\u0628\u0631\u0646\u0627\u0645\u062c \u062a\u0639\u0644\u064a\u0645 \u0627\u0644\u0644\u063a\u0629 \u0627\u0644\u0639\u0631\u0628\u064a\u0629 \u0644\u0644\u0623\u062a\u0631\u0627\u0643 T\u00fcrklere Arap\u00e7a e\u011fitim program\u0131<\/p>\n<p>\u0628\u0631\u0646\u0627\u0645\u062c \u062a\u0639\u0644\u064a\u0645 \u0627\u0644\u0644\u063a\u0629\u0627\u0644\u062a\u0631\u0643\u064a\u0629 \u0644\u0644\u0639\u0631\u0628\u00a0Araplara T\u00fcrk\u00e7e e\u011fitim program\u0131<br \/>\n\u064a\u0639\u062a\u0628\u0631 \u0628\u0631\u0646\u0627\u0645\u062c Taep \u0623\u062d\u062f \u0628\u0631\u0627\u0645\u062c \u0646\u0638\u0645 \u0627\u0644\u062a\u0639\u0644\u0645 \u0627\u0644\u062a\u0641\u0627\u0639\u0644\u064a \u0627\u0644\u062d\u062f\u064a\u062b\u0629\u060c \u0648\u064a\u0647\u062a\u0645 \u0647\u0630\u0627 \u0627\u0644\u0628\u0631\u0646\u0627\u0645\u062c \u0628\u0622\u0644\u064a\u0627\u062a \u062c\u062f\u064a\u062f\u0629 \u0644\u062a\u0639\u0644\u064a\u0645 \u0627\u0644\u0644\u063a\u0629 \u0627\u0644\u0639\u0631\u0628\u064a\u0629 \u0644\u063a\u064a\u0631 \u0627\u0644\u0646\u0627\u0637\u0642\u064a\u0646 \u0628\u0647\u0627 \u0645\u0646 \u0627\u0644\u0646\u0627\u0637\u0642\u064a\u0646 \u0628\u0627\u0644\u0644\u063a\u0629 \u0627\u0644\u062a\u0631\u0643\u064a\u0629.<\/p>\n<p>\u062c\u0627\u0621\u062a \u0641\u0643\u0631\u0629 \u062a\u0637\u0648\u064a\u0631 \u0647\u0630\u0627 \u0627\u0644\u0628\u0631\u0646\u0627\u0645\u062c \u0645\u0646 \u0627\u0644\u0623\u0633\u062a\u0627\u0630\u0629 \u0628\u064a\u0647\u0627\u0646 \u0628\u0634\u064a\u0631\u0623\u0648\u063a\u0644\u0648 \u0628\u0647\u062f\u0641 \u062a\u0633\u0647\u064a\u0644 \u062a\u0639\u0644\u064a\u0645 \u0627\u0644\u0644\u063a\u0629 \u0627\u0644\u0639\u0631\u0628\u064a\u0629 \u0644\u0644\u0623\u062a\u0631\u0627\u0643 \u0648\u0644\u0627\u0633\u064a\u0645\u0627 \u0628\u0639\u062f \u0627\u0644\u0625\u0642\u0628\u0627\u0644 \u0627\u0644\u0643\u0628\u064a\u0631 \u0627\u0644\u0630\u064a \u0634\u0647\u062f\u0647 \u062a\u0648\u062c\u0647 \u0627\u0644\u0623\u062a\u0631\u0627\u0643 \u0644\u062a\u0639\u0644\u0645 \u0627\u0644\u0644\u063a\u0629 \u0627\u0644\u0639\u0631\u0628\u064a\u0629 \u0644\u063a\u0629 \u0627\u0644\u0642\u0631\u0622\u0646 \u0627\u0644\u0643\u0631\u064a\u0645.<br \/>\n\u0648\u0642\u062f \u062a\u0628\u0646\u0649 \u062a\u0634\u062c\u064a\u0639 \u0627\u0644\u0623\u0633\u062a\u0627\u0630\u0629 \u0628\u064a\u0647\u0627\u0646 \u0628\u0634\u064a\u0631 \u0623\u0648\u063a\u0648 \u0641\u064a \u0628\u0631\u0646\u0627\u0645\u062c\u0647\u0627 \u0648\u062a\u0642\u062f\u064a\u0645 \u0627\u0644\u062a\u0633\u0647\u064a\u0644\u0627\u062a \u0627\u0644\u0644\u0627\u0632\u0645\u0629 \u0644\u0646\u062c\u0627\u062d\u0647 \u0645\u0646 \u0643\u0644 \u0645\u0646\u00a0 \u0645\u0646\u062a\u062f\u0649 \u0642\u0627\u062f\u0629 \u0627\u0644\u0645\u0633\u062a\u0642\u0628\u0644 \u0648 <a href=\"http:\/\/nncacademy.com\/\" target=\"_blank\" rel=\"noopener\">\u0627\u0644\u0645\u0639\u0647\u062f \u0627\u0644\u0639\u0627\u0644\u064a \u0644\u0628\u062d\u0648\u062b \u0627\u0644\u0639\u0644\u0648\u0645 \u0648\u0627\u0644\u062a\u0643\u0646\u0648\u0644\u0648\u062c\u064a\u0627<\/a>.<\/p>\n<p>\u0627\u0644\u062c\u062f\u064a\u0631 \u0628\u0627\u0644\u0630\u0643\u0631 \u0628\u0623\u0646 Taep \u062a\u0645 \u0627\u0644\u0639\u0645\u0644 \u0639\u0644\u0649 \u062a\u0637\u0648\u064a\u0631\u0647 \u0628\u0627\u0644\u062a\u0632\u0627\u0645\u0646 \u0645\u0639\u00a0 Atep \u0628\u0631\u0646\u0627\u0645\u062c \u062a\u0639\u0644\u064a\u0645 \u0627\u0644\u0644\u063a\u0629 \u0627\u0644\u062a\u0631\u0643\u064a\u0629 \u0644\u0644\u0639\u0631\u0628 \u0627\u0644\u0630\u064a \u0637\u0648\u0631\u062a\u0647 \u0627\u0644\u0623\u0633\u062a\u0627\u0630\u0629 \u0628\u064a\u0647\u0627\u0646 \u0628\u0634\u064a\u0631 \u0627\u0648\u063a\u0644\u0648 \u0648\u0627\u0644\u0630\u064a \u0632\u0627\u062f \u0627\u0644\u0625\u0647\u062a\u0645\u0627\u0645 \u0628\u0647 \u0628\u0639\u062f \u062a\u0632\u0627\u064a\u062f \u0625\u0646\u062a\u0642\u0627\u0644 \u0627\u0644\u0643\u062b\u064a\u0631 \u0645\u0646 \u0627\u0644\u0639\u0631\u0628 \u0644\u0644\u0639\u064a\u0634 \u0641\u064a \u062a\u0631\u0643\u064a\u0627 \u0628\u0647\u062f\u0641 \u0627\u0644\u062f\u0631\u0627\u0633\u0629 \u0627\u0648 \u0627\u0644\u0625\u0642\u0627\u0645\u0629 \u0641\u064a \u0647\u0630\u0627 \u0627\u0644\u0628\u0644\u062f \u0627\u0644\u062c\u0645\u064a\u0644.<br \/>\n\u064a\u0630\u0643\u0631 \u0627\u0646 \u0627\u0644\u0623\u0633\u062a\u0627\u0630\u0629 \u0628\u064a\u0647\u0627\u0646 \u0628\u0634\u064a\u0631 \u0623\u0648\u063a\u0644\u0648 \u0625\u0646\u0637\u0644\u0642\u062a \u0628\u0641\u0643\u0631\u062a\u0647\u0627 \u0645\u0633\u062a\u062b\u0645\u0631\u0629 \u0628\u0630\u0644\u0643 \u062e\u0628\u0631\u062a\u0647\u0627 \u0648\u0645\u0639\u0631\u0641\u062a\u0647\u0627 \u0628\u0627\u0644\u0643\u0645\u0628\u064a\u0648\u062a\u0631 \u0648\u0627\u0644\u062a\u0639\u0627\u0645\u0644 \u0645\u0639 \u0628\u0631\u0627\u0645\u062c \u0627\u0644\u0646\u0642\u0644 \u0627\u0644\u0645\u0639\u0631\u0641\u064a \u0641\u064a \u0643\u0644\u064a\u0629 \u0647\u0646\u062f\u0633\u0629 \u0628\u0631\u0645\u062c\u0629 \u0627\u0644\u0643\u0645\u0628\u064a\u0648\u062a\u0631 \u0641\u064a \u062c\u0627\u0645\u0639\u0629 \u0627\u0644\u0632\u0639\u064a\u0645 \u0628\u0625\u0633\u062a\u0646\u0628\u0648\u0644.<\/p>\n<p>\u0648\u0639\u0646 \u062a\u0637\u0628\u064a\u0642 \u0647\u0630\u0627 \u0644\u0628\u0631\u0646\u0627\u0645\u062c \u0641\u0642\u062f \u0635\u0631\u062d \u062f. \u0639\u0645\u0627\u062f \u0627\u0644\u0634\u0627\u064a\u0628 \u0645\u062f\u064a\u0631 <a href=\"http:\/\/nncacademy.com\/\" target=\"_blank\" rel=\"noopener\">\u0627\u0644\u0645\u0639\u0647\u062f \u0627\u0644\u0639\u0627\u0644\u064a \u0644\u0628\u062d\u0648\u062b \u0627\u0644\u0639\u0644\u0648\u0645 \u0648\u0627\u0644\u062a\u0643\u0646\u0648\u0644\u0648\u062c\u064a\u0627<\/a>\u00a0\u0628\u0623\u0646 \u0627\u0644\u0645\u0639\u0647\u062f \u0642\u062f \u0639\u0642\u062f \u062e\u0644\u0627\u0644 \u0627\u0644\u0633\u0646\u0648\u0627\u062a \u0627\u0644\u0633\u0627\u0628\u0642\u0629 -\u0648\u0645\u0627 \u064a\u0632\u0627\u0644- \u0627\u0644\u0639\u062f\u064a\u062f \u0645\u0646 \u0643\u0648\u0631\u0633\u0627\u062a \u062a\u0639\u0644\u064a\u0645 \u0627\u0644\u0644\u063a\u0629 \u0627\u0644\u0639\u0631\u0628\u064a\u0629 \u0644\u0644\u0627\u062a\u0631\u0627\u0643 \u0648\u0641\u0642 \u0628\u0631\u0646\u0627\u0645\u062c\u00a0Taep \u0648\u0627\u0644\u0644\u063a\u0629 \u0627\u0644\u062a\u0631\u0643\u064a\u0629 \u0644\u0644\u0639\u0631\u0628 \u0648\u0641\u0642 \u0628\u0631\u0646\u0627\u0645\u062c\u00a0Atep \u0648\u0642\u062f \u0644\u0627\u0642\u0649 \u0646\u062c\u0627\u062d\u0627\u064b \u0643\u0628\u064a\u0631\u0627\u064b \u0648\u062d\u0642\u0642 \u0646\u062a\u0627\u0626\u062c \u0645\u0645\u062a\u0627\u0632\u0629 \u0646\u0638\u0631\u0627\u064b \u0644\u062f\u064a\u0646\u0627\u0645\u064a\u0643\u064a\u0629 \u062c\u0648\u0647\u0631 \u0627\u0644\u0628\u0631\u0646\u0627\u0645\u062c \u0648 \u0622\u0644\u064a\u0627\u062a \u0639\u0645\u0644\u0647 \u0627\u0644\u062a\u064a \u062a\u0631\u0627\u0639\u064a \u0627\u0644\u0641\u0631\u0648\u0642\u0627\u062a \u0627\u0644\u0628\u0634\u0631\u064a\u0629 \u0644\u0644\u0645\u062a\u0639\u0644\u0645\u064a\u0646 \u0648\u062a\u062a\u0648\u0627\u0641\u0642 \u0645\u0639 \u0627\u0644\u0645\u064a\u0648\u0644 \u0627\u0644\u0628\u0634\u0631\u064a\u0629 \u0644\u0644\u062a\u0639\u0644\u0645\u060c \u0628\u0627\u0644\u0625\u0636\u0627\u0641\u0629 \u0625\u0644\u0649 \u0637\u0628\u064a\u0639\u062a\u0647 \u0627\u0644\u062a\u0634\u0627\u0631\u0643\u064a\u0629 \u0627\u0644\u062a\u0641\u0627\u0639\u0644\u064a\u0629 \u0627\u0644\u0634\u064a\u0642\u0629 \u0641\u064a \u0646\u0642\u0644 \u0627\u0644\u0645\u0639\u0631\u0641\u0629 \u0627\u0644\u0644\u063a\u0648\u064a\u0629.<\/p>\n<p>\u0648\u0639\u0646 \u0645\u0631\u0627\u062d\u0644 \u0647\u0630\u0627 \u0627\u0644\u0628\u0631\u0646\u0627\u0645\u062c \u062a\u0642\u0648\u0644 \u0645\u0637\u0648\u0631\u0629 \u0627\u0644\u0628\u0631\u0646\u0627\u0645\u062c \u0627\u0644\u0623\u0633\u062a\u0627\u0630\u0629 \u0628\u064a\u0647\u0627\u0646 \u0623\u0646\u0647 \u064a\u0642\u0648\u0645 \u0639\u0644\u0649 \u0623\u0631\u0628\u0639\u0629 \u0645\u0631\u0627\u062d\u0644 \u0623\u0633\u0627\u0633\u064a\u0629 \u062a\u062a\u0646\u0627\u0648\u0644 \u0628\u0627\u0644\u062a\u062a\u0627\u0628\u0639 \u0627\u0644\u0645\u0646\u0637\u0642\u064a \u0644\u062a\u0639\u0644\u064a\u0645 \u0627\u0644\u0645\u0647\u0627\u0631\u0627\u062a \u0627\u0644\u0623\u0631\u0628\u0639 \u0644\u062a\u0639\u0644\u0645 \u0623\u064a\u0629 \u0644\u063a\u0629 \u062c\u062f\u064a\u062f\u0629\u060c \u0645\u0646 \u062d\u064a\u062b \u0627\u0644\u0642\u0631\u0627\u0621\u0629 \u0648\u0627\u0644\u0643\u062a\u0627\u0628\u0629 \u0648\u0627\u0644\u0625\u0633\u062a\u0645\u0627\u0639 \u0648\u0627\u0644\u0645\u062d\u0627\u062f\u062b\u0629 \u0627\u0644\u0645\u0639\u062a\u0645\u062f\u0629 \u0641\u064a \u062c\u0645\u064a\u0639 \u0628\u0631\u0627\u0645\u062c \u062a\u0639\u0644\u064a\u0645 \u0627\u0644\u0644\u063a\u0627\u062a \u0639\u0644\u0649 \u0645\u0633\u062a\u0648\u0649 \u0627\u0644\u0639\u0627\u0644\u0645.<\/p>\n<p>\u0643\u0645\u0627 \u0623\u0634\u0627\u0631\u062a \u0645\u0637\u0648\u0631\u0629 \u0627\u0644\u0628\u0631\u0646\u0627\u0645\u062c \u0625\u0644\u0649 \u0623\u0646 \u0628\u0631\u0646\u0627\u0645\u062c\u064a\u0647\u0627\u00a0Taep \u0648\u00a0Atep\u00a0 \u0642\u062f \u062d\u0635\u0644 \u0639\u0644\u0649 \u0625\u0639\u062a\u0631\u0627\u0641 \u0645\u0646:<\/p>\n<ol>\n<li>Global Union for Human Resources Organizations \u0627\u0644\u0645\u0646\u0638\u0645\u0629 \u0627\u0644\u0639\u0627\u0644\u0645\u064a\u0629 \u0644\u0644\u0645\u0648\u0627\u0631\u062f \u0627\u0644\u0628\u0634\u0631\u064a\u0629 GUHRO<\/li>\n<li>The international board for professionals\u00a0\u0627\u0644\u0628\u0648\u0631\u062f \u0627\u0644\u0639\u0627\u0644\u0645\u064a \u0644\u0644\u0645\u062d\u062a\u0631\u0641\u064a\u0646 IBP<\/li>\n<\/ol>\n<div id=\"attachment_3105\" style=\"width: 1024px\" class=\"wp-caption aligncenter\"><a href=\"http:\/\/nncacademy.com\/wp-content\/uploads\/2018\/06\/T\u00fcrklere-arap\u00e7a-programi2.jpg\"><img decoding=\"async\" aria-describedby=\"caption-attachment-3105\" class=\"size-large wp-image-3105\" src=\"http:\/\/nncacademy.com\/wp-content\/uploads\/2018\/06\/T\u00fcrklere-arap\u00e7a-programi2-1024x580.jpg\" alt=\"\" width=\"1024\" height=\"580\" srcset=\"https:\/\/nncacademy.com\/wp-content\/uploads\/2018\/06\/T\u00fcrklere-arap\u00e7a-programi2-1024x580.jpg 1024w, https:\/\/nncacademy.com\/wp-content\/uploads\/2018\/06\/T\u00fcrklere-arap\u00e7a-programi2-300x170.jpg 300w, https:\/\/nncacademy.com\/wp-content\/uploads\/2018\/06\/T\u00fcrklere-arap\u00e7a-programi2-768x435.jpg 768w, https:\/\/nncacademy.com\/wp-content\/uploads\/2018\/06\/T\u00fcrklere-arap\u00e7a-programi2.jpg 1075w\" sizes=\"(max-width: 1024px) 100vw, 1024px\" \/><\/a><p id=\"caption-attachment-3105\" class=\"wp-caption-text\">\u0628\u0631\u0646\u0627\u0645\u062c \u062a\u0639\u0644\u064a\u0645 \u0627\u0644\u0644\u063a\u0629 \u0627\u0644\u0639\u0631\u0628\u064a\u0629 \u0644\u0644\u0623\u062a\u0631\u0627\u0643<br \/>T\u00fcrklere Arap\u00e7a e\u011fitim program\u0131<\/p><\/div>\n<div id=\"attachment_3104\" style=\"width: 1024px\" class=\"wp-caption aligncenter\"><a href=\"http:\/\/nncacademy.com\/wp-content\/uploads\/2018\/06\/Araplara-T\u00fcrk\u00e7e-egitim-programi.jpg\"><img fetchpriority=\"high\" decoding=\"async\" aria-describedby=\"caption-attachment-3104\" class=\"size-large wp-image-3104\" src=\"http:\/\/nncacademy.com\/wp-content\/uploads\/2018\/06\/Araplara-T\u00fcrk\u00e7e-egitim-programi-1024x557.jpg\" alt=\"\" width=\"1024\" height=\"557\" srcset=\"https:\/\/nncacademy.com\/wp-content\/uploads\/2018\/06\/Araplara-T\u00fcrk\u00e7e-egitim-programi-1024x557.jpg 1024w, https:\/\/nncacademy.com\/wp-content\/uploads\/2018\/06\/Araplara-T\u00fcrk\u00e7e-egitim-programi-300x163.jpg 300w, https:\/\/nncacademy.com\/wp-content\/uploads\/2018\/06\/Araplara-T\u00fcrk\u00e7e-egitim-programi-768x418.jpg 768w, https:\/\/nncacademy.com\/wp-content\/uploads\/2018\/06\/Araplara-T\u00fcrk\u00e7e-egitim-programi.jpg 1098w\" sizes=\"(max-width: 1024px) 100vw, 1024px\" \/><\/a><p id=\"caption-attachment-3104\" class=\"wp-caption-text\">\u0628\u0631\u0646\u0627\u0645\u062c \u062a\u0639\u0644\u064a\u0645 \u0627\u0644\u0644\u063a\u0629\u0627\u0644\u062a\u0631\u0643\u064a\u0629 \u0644\u0644\u0639\u0631\u0628<br \/>Araplara T\u00fcrk\u00e7e e\u011fitim program\u0131<\/p><\/div>\n<div style=\"padding-bottom:20px; padding-top:10px;\" class=\"hupso-share-buttons\"><!-- Hupso Share Buttons - https:\/\/www.hupso.com\/share\/ --><a class=\"hupso_toolbar\" href=\"https:\/\/www.hupso.com\/share\/\"><img decoding=\"async\" src=\"https:\/\/static.hupso.com\/share\/buttons\/share-medium.png\" style=\"border:0px; padding-top: 5px; float:right;\" alt=\"Share Button\"\/><\/a><script type=\"text\/javascript\">var hupso_services_t=new Array(\"Twitter\",\"Facebook\",\"Google Plus\",\"Pinterest\",\"Linkedin\",\"Email\",\"Print\");var hupso_background_t=\"#EAF4FF\";var hupso_border_t=\"#66CCFF\";var hupso_toolbar_size_t=\"medium\";var hupso_image_folder_url = \"\";var hupso_url_t=\"\";var hupso_title_t=\"%D8%AA%D8%B9%D9%84%D9%85%20%D8%A7%D9%84%D9%84%D8%BA%D8%A9%20%D8%A7%D9%84%D8%AA%D8%B1%D9%83%D9%8A%D8%A9%20Taep%20%26%20Atep\";<\/script><script type=\"text\/javascript\" src=\"https:\/\/static.hupso.com\/share\/js\/share_toolbar.js\"><\/script><!-- Hupso Share Buttons --><\/div>","protected":false},"excerpt":{"rendered":"<div style=\"padding-bottom:20px; padding-top:10px;\" class=\"hupso-share-buttons\"><!-- Hupso Share Buttons - https:\/\/www.hupso.com\/share\/ --><a class=\"hupso_toolbar\" href=\"https:\/\/www.hupso.com\/share\/\"><img src=\"https:\/\/static.hupso.com\/share\/buttons\/share-medium.png\" style=\"border:0px; padding-top: 5px; float:right;\" alt=\"Share Button\"\/><\/a><script type=\"text\/javascript\">var hupso_services_t=new Array(\"Twitter\",\"Facebook\",\"Google Plus\",\"Pinterest\",\"Linkedin\",\"Email\",\"Print\");var hupso_background_t=\"#EAF4FF\";var hupso_border_t=\"#66CCFF\";var hupso_toolbar_size_t=\"medium\";var hupso_image_folder_url = \"\";var hupso_url_t=\"\";var hupso_title_t=\"%D8%AA%D8%B9%D9%84%D9%85%20%D8%A7%D9%84%D9%84%D8%BA%D8%A9%20%D8%A7%D9%84%D8%AA%D8%B1%D9%83%D9%8A%D8%A9%20Taep%20%26%20Atep\";<\/script><script type=\"text\/javascript\" src=\"https:\/\/static.hupso.com\/share\/js\/share_toolbar.js\"><\/script><!-- Hupso Share Buttons --><\/div><p>\u0627\u0633\u062a\u0646\u0628\u0648\u0644 &#8211; 2014 \u0628\u0631\u0646\u0627\u0645\u062c \u062a\u0639\u0644\u064a\u0645 \u0627\u0644\u0644\u063a\u0629 \u0627\u0644\u0639\u0631\u0628\u064a\u0629 \u0644\u0644\u0623\u062a\u0631\u0627\u0643 T\u00fcrklere Arap\u00e7a e\u011fitim program\u0131 \u0628\u0631\u0646\u0627\u0645\u062c \u062a\u0639\u0644\u064a\u0645 \u0627\u0644\u0644\u063a\u0629\u0627\u0644\u062a\u0631\u0643\u064a\u0629 \u0644\u0644\u0639\u0631\u0628\u00a0Araplara T\u00fcrk\u00e7e e\u011fitim program\u0131 \u064a\u0639\u062a\u0628\u0631 \u0628\u0631\u0646\u0627\u0645\u062c Taep \u0623\u062d\u062f \u0628\u0631\u0627\u0645\u062c \u0646\u0638\u0645 \u0627\u0644\u062a\u0639\u0644\u0645 \u0627\u0644\u062a\u0641\u0627\u0639\u0644\u064a \u0627\u0644\u062d\u062f\u064a\u062b\u0629\u060c \u0648\u064a\u0647\u062a\u0645 \u0647\u0630\u0627 \u0627\u0644\u0628\u0631\u0646\u0627\u0645\u062c \u0628\u0622\u0644\u064a\u0627\u062a \u062c\u062f\u064a\u062f\u0629 \u0644\u062a\u0639\u0644\u064a\u0645 \u0627\u0644\u0644\u063a\u0629 \u0627\u0644\u0639\u0631\u0628\u064a\u0629 \u0644\u063a\u064a\u0631 \u0627\u0644\u0646\u0627\u0637\u0642\u064a\u0646 \u0628\u0647\u0627 \u0645\u0646 \u0627\u0644\u0646\u0627\u0637\u0642\u064a\u0646 \u0628\u0627\u0644\u0644\u063a\u0629 \u0627\u0644\u062a\u0631\u0643\u064a\u0629. \u062c\u0627\u0621\u062a \u0641\u0643\u0631\u0629 \u062a\u0637\u0648\u064a\u0631 \u0647\u0630\u0627 \u0627\u0644\u0628\u0631\u0646\u0627\u0645\u062c \u0645\u0646 \u0627\u0644\u0623\u0633\u062a\u0627\u0630\u0629 \u0628\u064a\u0647\u0627\u0646 \u0628\u0634\u064a\u0631\u0623\u0648\u063a\u0644\u0648 \u0628\u0647\u062f\u0641 \u062a\u0633\u0647\u064a\u0644 \u062a\u0639\u0644\u064a\u0645 &hellip; <\/p>\n<p><a class=\"more-link btn\" href=\"https:\/\/nncacademy.com\/?page_id=3103\">\u0627\u0642\u0631\u0623 \u0627\u0644\u0645\u0632\u064a\u062f<\/a><\/p>\n<div style=\"padding-bottom:20px; padding-top:10px;\" class=\"hupso-share-buttons\"><!-- Hupso Share Buttons - https:\/\/www.hupso.com\/share\/ --><a class=\"hupso_toolbar\" href=\"https:\/\/www.hupso.com\/share\/\"><img src=\"https:\/\/static.hupso.com\/share\/buttons\/share-medium.png\" style=\"border:0px; padding-top: 5px; float:right;\" alt=\"Share Button\"\/><\/a><script type=\"text\/javascript\">var hupso_services_t=new Array(\"Twitter\",\"Facebook\",\"Google Plus\",\"Pinterest\",\"Linkedin\",\"Email\",\"Print\");var hupso_background_t=\"#EAF4FF\";var hupso_border_t=\"#66CCFF\";var hupso_toolbar_size_t=\"medium\";var hupso_image_folder_url = \"\";var hupso_url_t=\"\";var hupso_title_t=\"%D8%AA%D8%B9%D9%84%D9%85%20%D8%A7%D9%84%D9%84%D8%BA%D8%A9%20%D8%A7%D9%84%D8%AA%D8%B1%D9%83%D9%8A%D8%A9%20Taep%20%26%20Atep\";<\/script><script type=\"text\/javascript\" src=\"https:\/\/static.hupso.com\/share\/js\/share_toolbar.js\"><\/script><!-- Hupso Share Buttons --><\/div>","protected":false},"author":1,"featured_media":3104,"parent":0,"menu_order":0,"comment_status":"closed","ping_status":"closed","template":"","meta":{"footnotes":""},"class_list":["post-3103","page","type-page","status-publish","has-post-thumbnail","hentry","nodate","item-wrap"],"_links":{"self":[{"href":"https:\/\/nncacademy.com\/index.php?rest_route=\/wp\/v2\/pages\/3103","targetHints":{"allow":["GET"]}}],"collection":[{"href":"https:\/\/nncacademy.com\/index.php?rest_route=\/wp\/v2\/pages"}],"about":[{"href":"https:\/\/nncacademy.com\/index.php?rest_route=\/wp\/v2\/types\/page"}],"author":[{"embeddable":true,"href":"https:\/\/nncacademy.com\/index.php?rest_route=\/wp\/v2\/users\/1"}],"replies":[{"embeddable":true,"href":"https:\/\/nncacademy.com\/index.php?rest_route=%2Fwp%2Fv2%2Fcomments&post=3103"}],"version-history":[{"count":3,"href":"https:\/\/nncacademy.com\/index.php?rest_route=\/wp\/v2\/pages\/3103\/revisions"}],"predecessor-version":[{"id":3110,"href":"https:\/\/nncacademy.com\/index.php?rest_route=\/wp\/v2\/pages\/3103\/revisions\/3110"}],"wp:featuredmedia":[{"embeddable":true,"href":"https:\/\/nncacademy.com\/index.php?rest_route=\/wp\/v2\/media\/3104"}],"wp:attachment":[{"href":"https:\/\/nncacademy.com\/index.php?rest_route=%2Fwp%2Fv2%2Fmedia&parent=3103"}],"curies":[{"name":"wp","href":"https:\/\/api.w.org\/{rel}","templated":true}]}}